{"id":4894,"date":"2025-12-31T13:52:20","date_gmt":"2025-12-31T12:52:20","guid":{"rendered":"https:\/\/goldcityhair.com\/?page_id=4894"},"modified":"2026-01-09T13:01:34","modified_gmt":"2026-01-09T12:01:34","slug":"tedavi%cc%87ler-sac-eki%cc%87mi%cc%87","status":"publish","type":"page","link":"https:\/\/goldcityhair.com\/tr\/tedavi%cc%87ler-sac-eki%cc%87mi%cc%87\/","title":{"rendered":"Tedaviler Sa\u00e7 Ekimi"},"content":{"rendered":"<div data-elementor-type=\"wp-page\" data-elementor-id=\"4894\" class=\"elementor elementor-4894\" data-elementor-post-type=\"page\">\n\t\t\t\t<div class=\"elementor-element elementor-element-2b7fae6 e-flex e-con-boxed e-con e-parent\" data-id=\"2b7fae6\" data-element_type=\"container\" data-settings=\"{&quot;background_background&quot;:&quot;classic&quot;}\">\n\t\t\t\t\t<div class=\"e-con-inner\">\n\t\t<div class=\"elementor-element elementor-element-cededff e-con-full e-flex e-con e-child\" data-id=\"cededff\" data-element_type=\"container\">\n\t\t<div class=\"elementor-element elementor-element-2e33bd9 e-con-full e-flex e-con e-child\" data-id=\"2e33bd9\" data-element_type=\"container\" data-settings=\"{&quot;background_background&quot;:&quot;classic&quot;}\">\n\t\t\t\t<div class=\"elementor-element elementor-element-ab9db1e elementor-widget elementor-widget-heading\" data-id=\"ab9db1e\" data-element_type=\"widget\" data-widget_type=\"heading.default\">\n\t\t\t\t\t<h2 class=\"elementor-heading-title elementor-size-default\">Kapsaml\u0131l\u0131\u011fa Giden Yolunuz <br> Sa\u011fl\u0131k Hizmetleri<\/h2>\t\t\t\t<\/div>\n\t\t\t\t<div class=\"elementor-element elementor-element-c62ec43 elementor-widget__width-initial elementor-widget-mobile__width-inherit elementor-widget elementor-widget-text-editor\" data-id=\"c62ec43\" data-element_type=\"widget\" data-widget_type=\"text-editor.default\">\n\t\t\t\t\t\t\t\t\t<p>Bilgilendirici makaleler, uzman g\u00f6r\u00fc\u015fleri ve sa\u011fl\u0131k ve zindelikle ilgili en son g\u00fcncellemeler i\u00e7in ba\u015fvuraca\u011f\u0131n\u0131z kaynak Bilginin daha sa\u011fl\u0131kl\u0131 bir ya\u015fam tarz\u0131n\u0131 te\u015fvik etmede g\u00fc\u00e7l\u00fc bir ara\u00e7 oldu\u011funa inan\u0131yoruz.<\/p>\t\t\t\t\t\t\t\t<\/div>\n\t\t\t\t<\/div>\n\t\t\t\t<\/div>\n\t\t\t\t\t<\/div>\n\t\t\t\t<\/div>\n\t\t<div class=\"elementor-element elementor-element-68bdd66 e-flex e-con-boxed e-con e-parent\" data-id=\"68bdd66\" data-element_type=\"container\">\n\t\t\t\t\t<div class=\"e-con-inner\">\n\t\t<div class=\"elementor-element elementor-element-208e7f3 e-con-full e-flex e-con e-child\" data-id=\"208e7f3\" data-element_type=\"container\">\n\t\t<div class=\"elementor-element elementor-element-8c3bd4e e-con-full e-flex e-con e-child\" data-id=\"8c3bd4e\" data-element_type=\"container\" data-settings=\"{&quot;background_background&quot;:&quot;classic&quot;}\">\n\t\t<div class=\"elementor-element elementor-element-0aba22b e-grid e-con-full e-con e-child\" data-id=\"0aba22b\" data-element_type=\"container\">\n\t\t\t\t<div class=\"elementor-element elementor-element-835d6b7 elementor-widget elementor-widget-heading\" data-id=\"835d6b7\" data-element_type=\"widget\" data-widget_type=\"heading.default\">\n\t\t\t\t\t<h2 class=\"elementor-heading-title elementor-size-default\">Overzicht haartransplantatie<\/h2>\t\t\t\t<\/div>\n\t\t\t\t<div class=\"elementor-element elementor-element-8341631 elementor-widget-mobile__width-initial elementor-widget elementor-widget-text-editor\" data-id=\"8341631\" data-element_type=\"widget\" data-widget_type=\"text-editor.default\">\n\t\t\t\t\t\t\t\t\t<p>Sa\u011fl\u0131kl\u0131 ya\u015flanma canl\u0131l\u0131\u011fa odaklan\u0131r,<br \/>denge ve uzun vadeli refah.<\/p>\t\t\t\t\t\t\t\t<\/div>\n\t\t\t\t<div class=\"elementor-element elementor-element-81138ba elementor-widget elementor-widget-button\" data-id=\"81138ba\" data-element_type=\"widget\" data-widget_type=\"button.default\">\n\t\t\t\t\t\t\t\t\t\t<a class=\"elementor-button elementor-button-link elementor-size-sm\" href=\"#.\">\n\t\t\t\t\t\t<span class=\"elementor-button-content-wrapper\">\n\t\t\t\t\t\t\t\t\t<span class=\"elementor-button-text\">Daha Fazla Bilgi<\/span>\n\t\t\t\t\t<\/span>\n\t\t\t\t\t<\/a>\n\t\t\t\t\t\t\t\t<\/div>\n\t\t\t\t<\/div>\n\t\t\t\t<\/div>\n\t\t<div class=\"elementor-element elementor-element-633887c e-con-full e-flex e-con e-child\" data-id=\"633887c\" data-element_type=\"container\" data-settings=\"{&quot;background_background&quot;:&quot;classic&quot;}\">\n\t\t<div class=\"elementor-element elementor-element-6b018dc e-grid e-con-full e-con e-child\" data-id=\"6b018dc\" data-element_type=\"container\">\n\t\t\t\t<div class=\"elementor-element elementor-element-6536ead elementor-widget elementor-widget-heading\" data-id=\"6536ead\" data-element_type=\"widget\" data-widget_type=\"heading.default\">\n\t\t\t\t\t<h2 class=\"elementor-heading-title elementor-size-default\">Saffier Haartransplantatie<\/h2>\t\t\t\t<\/div>\n\t\t\t\t<div class=\"elementor-element elementor-element-2301b25 elementor-widget-mobile__width-initial elementor-widget elementor-widget-text-editor\" data-id=\"2301b25\" data-element_type=\"widget\" data-widget_type=\"text-editor.default\">\n\t\t\t\t\t\t\t\t\t<p>Sa\u011fl\u0131kl\u0131 ya\u015flanma canl\u0131l\u0131\u011fa odaklan\u0131r,<br \/>denge ve uzun vadeli refah.<\/p>\t\t\t\t\t\t\t\t<\/div>\n\t\t\t\t<div class=\"elementor-element elementor-element-87929f8 elementor-widget elementor-widget-button\" data-id=\"87929f8\" data-element_type=\"widget\" data-widget_type=\"button.default\">\n\t\t\t\t\t\t\t\t\t\t<a class=\"elementor-button elementor-button-link elementor-size-sm\" href=\"#.\">\n\t\t\t\t\t\t<span class=\"elementor-button-content-wrapper\">\n\t\t\t\t\t\t\t\t\t<span class=\"elementor-button-text\">Daha Fazla Bilgi<\/span>\n\t\t\t\t\t<\/span>\n\t\t\t\t\t<\/a>\n\t\t\t\t\t\t\t\t<\/div>\n\t\t\t\t<\/div>\n\t\t\t\t<\/div>\n\t\t<div class=\"elementor-element elementor-element-02cb4f7 e-con-full e-flex e-con e-child\" data-id=\"02cb4f7\" data-element_type=\"container\" data-settings=\"{&quot;background_background&quot;:&quot;classic&quot;}\">\n\t\t<div class=\"elementor-element elementor-element-33cee14 e-grid e-con-full e-con e-child\" data-id=\"33cee14\" data-element_type=\"container\">\n\t\t\t\t<div class=\"elementor-element elementor-element-fc92f99 elementor-widget elementor-widget-heading\" data-id=\"fc92f99\" data-element_type=\"widget\" data-widget_type=\"heading.default\">\n\t\t\t\t\t<h2 class=\"elementor-heading-title elementor-size-default\">DHI <br>Haartransplantatie<\/h2>\t\t\t\t<\/div>\n\t\t\t\t<div class=\"elementor-element elementor-element-5d24cd2 elementor-widget-mobile__width-initial elementor-widget elementor-widget-text-editor\" data-id=\"5d24cd2\" data-element_type=\"widget\" data-widget_type=\"text-editor.default\">\n\t\t\t\t\t\t\t\t\t<p>Sa\u011fl\u0131kl\u0131 ya\u015flanma canl\u0131l\u0131\u011fa odaklan\u0131r,<br \/>denge ve uzun vadeli refah.<\/p>\t\t\t\t\t\t\t\t<\/div>\n\t\t\t\t<div class=\"elementor-element elementor-element-9d499c7 elementor-widget elementor-widget-button\" data-id=\"9d499c7\" data-element_type=\"widget\" data-widget_type=\"button.default\">\n\t\t\t\t\t\t\t\t\t\t<a class=\"elementor-button elementor-button-link elementor-size-sm\" href=\"#.\">\n\t\t\t\t\t\t<span class=\"elementor-button-content-wrapper\">\n\t\t\t\t\t\t\t\t\t<span class=\"elementor-button-text\">Daha Fazla Bilgi<\/span>\n\t\t\t\t\t<\/span>\n\t\t\t\t\t<\/a>\n\t\t\t\t\t\t\t\t<\/div>\n\t\t\t\t<\/div>\n\t\t\t\t<\/div>\n\t\t\t\t<\/div>\n\t\t<div class=\"elementor-element elementor-element-0292665 e-con-full e-flex e-con e-child\" data-id=\"0292665\" data-element_type=\"container\">\n\t\t<div class=\"elementor-element elementor-element-3dea1fe e-con-full e-flex e-con e-child\" data-id=\"3dea1fe\" data-element_type=\"container\" data-settings=\"{&quot;background_background&quot;:&quot;classic&quot;}\">\n\t\t<div class=\"elementor-element elementor-element-7531269 e-grid e-con-full e-con e-child\" data-id=\"7531269\" data-element_type=\"container\">\n\t\t\t\t<div class=\"elementor-element elementor-element-6f69884 elementor-widget elementor-widget-heading\" data-id=\"6f69884\" data-element_type=\"widget\" data-widget_type=\"heading.default\">\n\t\t\t\t\t<h2 class=\"elementor-heading-title elementor-size-default\">Folliculaire <br>\nEenheid Extractie (FUE)<\/h2>\t\t\t\t<\/div>\n\t\t\t\t<div class=\"elementor-element elementor-element-0bd9fc2 elementor-widget elementor-widget-text-editor\" data-id=\"0bd9fc2\" data-element_type=\"widget\" data-widget_type=\"text-editor.default\">\n\t\t\t\t\t\t\t\t\t<p>Sa\u011fl\u0131kl\u0131 ya\u015flanma canl\u0131l\u0131\u011fa odaklan\u0131r,<br \/>denge ve uzun vadeli refah.<\/p>\t\t\t\t\t\t\t\t<\/div>\n\t\t\t\t<div class=\"elementor-element elementor-element-2ce2be9 elementor-widget elementor-widget-button\" data-id=\"2ce2be9\" data-element_type=\"widget\" data-widget_type=\"button.default\">\n\t\t\t\t\t\t\t\t\t\t<a class=\"elementor-button elementor-button-link elementor-size-sm\" href=\"#.\">\n\t\t\t\t\t\t<span class=\"elementor-button-content-wrapper\">\n\t\t\t\t\t\t\t\t\t<span class=\"elementor-button-text\">Daha Fazla Bilgi<\/span>\n\t\t\t\t\t<\/span>\n\t\t\t\t\t<\/a>\n\t\t\t\t\t\t\t\t<\/div>\n\t\t\t\t<\/div>\n\t\t\t\t<\/div>\n\t\t<div class=\"elementor-element elementor-element-4ef028d e-con-full e-flex e-con e-child\" data-id=\"4ef028d\" data-element_type=\"container\" data-settings=\"{&quot;background_background&quot;:&quot;classic&quot;}\">\n\t\t\t\t<\/div>\n\t\t<div class=\"elementor-element elementor-element-7e4c3b1 e-con-full e-flex e-con e-child\" data-id=\"7e4c3b1\" data-element_type=\"container\" data-settings=\"{&quot;background_background&quot;:&quot;classic&quot;}\">\n\t\t\t\t<\/div>\n\t\t\t\t<\/div>\n\t\t\t\t\t<\/div>\n\t\t\t\t<\/div>\n\t\t<div class=\"elementor-element elementor-element-d88e1ef e-flex e-con-boxed e-con e-parent\" data-id=\"d88e1ef\" data-element_type=\"container\" data-settings=\"{&quot;background_background&quot;:&quot;classic&quot;}\">\n\t\t\t\t\t<div class=\"e-con-inner\">\n\t\t<div class=\"elementor-element elementor-element-639de4e e-con-full e-flex e-con e-child\" data-id=\"639de4e\" data-element_type=\"container\">\n\t\t<div class=\"elementor-element elementor-element-60b649f e-con-full e-flex e-con e-child\" data-id=\"60b649f\" data-element_type=\"container\" data-settings=\"{&quot;background_background&quot;:&quot;classic&quot;}\">\n\t\t\t\t<div class=\"elementor-element elementor-element-127613d elementor-widget elementor-widget-heading\" data-id=\"127613d\" data-element_type=\"widget\" data-widget_type=\"heading.default\">\n\t\t\t\t\t<h4 class=\"elementor-heading-title elementor-size-default\">Temel \u00d6zellikler<\/h4>\t\t\t\t<\/div>\n\t\t<div class=\"elementor-element elementor-element-6d64ee2 e-con-full e-flex e-con e-child\" data-id=\"6d64ee2\" data-element_type=\"container\">\n\t\t\t\t<div class=\"elementor-element elementor-element-027e5b2 elementor-icon-list--layout-traditional elementor-list-item-link-full_width elementor-widget elementor-widget-icon-list\" data-id=\"027e5b2\" data-element_type=\"widget\" data-widget_type=\"icon-list.default\">\n\t\t\t\t\t\t\t<ul class=\"elementor-icon-list-items\">\n\t\t\t\t\t\t\t<li class=\"elementor-icon-list-item\">\n\t\t\t\t\t\t\t\t\t\t\t<span class=\"elementor-icon-list-icon\">\n\t\t\t\t\t\t\t<svg aria-hidden=\"true\" class=\"e-font-icon-svg e-fas-check-circle\" viewbox=\"0 0 512 512\" xmlns=\"http:\/\/www.w3.org\/2000\/svg\"><path d=\"M504 256c0 136.967-111.033 248-248 248S8 392.967 8 256 119.033 8 256 8s248 111.033 248 248zM227.314 387.314l184-184c6.248-6.248 6.248-16.379 0-22.627l-22.627-22.627c-6.248-6.249-16.379-6.249-22.628 0L216 308.118l-70.059-70.059c-6.248-6.248-16.379-6.248-22.628 0l-22.627 22.627c-6.248 6.248-6.248 16.379 0 22.627l104 104c6.249 6.249 16.379 6.249 22.628.001z\"><\/path><\/svg>\t\t\t\t\t\t<\/span>\n\t\t\t\t\t\t\t\t\t\t<span class=\"elementor-icon-list-text\">Akupunktur<\/span>\n\t\t\t\t\t\t\t\t\t<\/li>\n\t\t\t\t\t\t<\/ul>\n\t\t\t\t\t\t<\/div>\n\t\t\t\t<div class=\"elementor-element elementor-element-0ccd54c elementor-widget elementor-widget-text-editor\" data-id=\"0ccd54c\" data-element_type=\"widget\" data-widget_type=\"text-editor.default\">\n\t\t\t\t\t\t\t\t\t<p>Akupunktur, enerji yollar\u0131na ba\u011fl\u0131 belirli noktalar\u0131 uyararak v\u00fccuttaki dengeyi destekleyen geleneksel bir tedavi y\u00f6ntemidir. Gold City T\u0131p Merkezi'nde akupunktur t\u0131bbi ve hijyenik bir ortamda, modern sa\u011fl\u0131k ilkeleriyle entegre bir \u015fekilde uygulanmaktad\u0131r. Tedavi, dola\u015f\u0131m\u0131, sinir sistemi d\u00fczenlemesini ve v\u00fccudun do\u011fal kendini iyile\u015ftirme kapasitesini desteklemeyi ama\u00e7lar. Genellikle stres, kronik a\u011fr\u0131, yorgunluk, uyku sorunlar\u0131, sindirim rahats\u0131zl\u0131\u011f\u0131 ve hormonal dengesizli\u011fi y\u00f6netmeye yard\u0131mc\u0131 olmak i\u00e7in kullan\u0131l\u0131r. Seanslar nazik, rahatlat\u0131c\u0131 ve hem fiziksel hem de duygusal refah\u0131 desteklemek i\u00e7in tasarlanm\u0131\u015ft\u0131r.<\/p>\t\t\t\t\t\t\t\t<\/div>\n\t\t\t\t<\/div>\n\t\t<div class=\"elementor-element elementor-element-3a9f627 e-con-full e-flex e-con e-child\" data-id=\"3a9f627\" data-element_type=\"container\">\n\t\t<div class=\"elementor-element elementor-element-aecfcb2 e-con-full e-flex e-con e-child\" data-id=\"aecfcb2\" data-element_type=\"container\">\n\t\t\t\t<div class=\"elementor-element elementor-element-02f462e elementor-icon-list--layout-traditional elementor-list-item-link-full_width elementor-widget elementor-widget-icon-list\" data-id=\"02f462e\" data-element_type=\"widget\" data-widget_type=\"icon-list.default\">\n\t\t\t\t\t\t\t<ul class=\"elementor-icon-list-items\">\n\t\t\t\t\t\t\t<li class=\"elementor-icon-list-item\">\n\t\t\t\t\t\t\t\t\t\t\t<span class=\"elementor-icon-list-icon\">\n\t\t\t\t\t\t\t<svg aria-hidden=\"true\" class=\"e-font-icon-svg e-fas-check-circle\" viewbox=\"0 0 512 512\" xmlns=\"http:\/\/www.w3.org\/2000\/svg\"><path d=\"M504 256c0 136.967-111.033 248-248 248S8 392.967 8 256 119.033 8 256 8s248 111.033 248 248zM227.314 387.314l184-184c6.248-6.248 6.248-16.379 0-22.627l-22.627-22.627c-6.248-6.249-16.379-6.249-22.628 0L216 308.118l-70.059-70.059c-6.248-6.248-16.379-6.248-22.628 0l-22.627 22.627c-6.248 6.248-6.248 16.379 0 22.627l104 104c6.249 6.249 16.379 6.249 22.628.001z\"><\/path><\/svg>\t\t\t\t\t\t<\/span>\n\t\t\t\t\t\t\t\t\t\t<span class=\"elementor-icon-list-text\">Ya\u015flanma Kar\u015f\u0131t\u0131 ve Uzun \u00d6m\u00fcr<\/span>\n\t\t\t\t\t\t\t\t\t<\/li>\n\t\t\t\t\t\t<\/ul>\n\t\t\t\t\t\t<\/div>\n\t\t\t\t<div class=\"elementor-element elementor-element-7b206fa elementor-widget elementor-widget-text-editor\" data-id=\"7b206fa\" data-element_type=\"widget\" data-widget_type=\"text-editor.default\">\n\t\t\t\t\t\t\t\t\t<p>Anti Aging ve Longevity Medicine, zaman i\u00e7inde canl\u0131l\u0131\u011f\u0131, bili\u015fsel netli\u011fi ve fiziksel performans\u0131 korumaya odaklan\u0131r. Bu yakla\u015f\u0131m, ya\u015fa ba\u011fl\u0131 semptomlar\u0131 tek tek ele almak yerine, biyolojik ya\u015flanmay\u0131 yava\u015flatmay\u0131 ve h\u00fccresel esnekli\u011fi desteklemeyi ama\u00e7lamaktad\u0131r.<\/p>\t\t\t\t\t\t\t\t<\/div>\n\t\t\t\t<\/div>\n\t\t<div class=\"elementor-element elementor-element-e0a5ef9 e-con-full e-flex e-con e-child\" data-id=\"e0a5ef9\" data-element_type=\"container\">\n\t\t\t\t<div class=\"elementor-element elementor-element-d976040 elementor-widget elementor-widget-image\" data-id=\"d976040\" data-element_type=\"widget\" data-widget_type=\"image.default\">\n\t\t\t\t\t\t\t\t\t\t\t\t\t\t\t<img fetchpriority=\"high\" decoding=\"async\" width=\"696\" height=\"371\" src=\"https:\/\/goldcityhair.com\/wp-content\/uploads\/2025\/12\/Features-1-1.webp\" class=\"attachment-large size-large wp-image-4900\" alt=\"\" srcset=\"https:\/\/goldcityhair.com\/wp-content\/uploads\/2025\/12\/Features-1-1.webp 696w, https:\/\/goldcityhair.com\/wp-content\/uploads\/2025\/12\/Features-1-1-300x160.webp 300w\" sizes=\"(max-width: 696px) 100vw, 696px\" \/>\t\t\t\t\t\t\t\t\t\t\t\t\t\t\t<\/div>\n\t\t\t\t<\/div>\n\t\t\t\t<\/div>\n\t\t<div class=\"elementor-element elementor-element-a53df0c e-con-full e-flex e-con e-child\" data-id=\"a53df0c\" data-element_type=\"container\">\n\t\t<div class=\"elementor-element elementor-element-44686b2 e-con-full e-flex e-con e-child\" data-id=\"44686b2\" data-element_type=\"container\">\n\t\t\t\t<div class=\"elementor-element elementor-element-98f97bc elementor-icon-list--layout-traditional elementor-list-item-link-full_width elementor-widget elementor-widget-icon-list\" data-id=\"98f97bc\" data-element_type=\"widget\" data-widget_type=\"icon-list.default\">\n\t\t\t\t\t\t\t<ul class=\"elementor-icon-list-items\">\n\t\t\t\t\t\t\t<li class=\"elementor-icon-list-item\">\n\t\t\t\t\t\t\t\t\t\t\t<span class=\"elementor-icon-list-icon\">\n\t\t\t\t\t\t\t<svg aria-hidden=\"true\" class=\"e-font-icon-svg e-fas-check-circle\" viewbox=\"0 0 512 512\" xmlns=\"http:\/\/www.w3.org\/2000\/svg\"><path d=\"M504 256c0 136.967-111.033 248-248 248S8 392.967 8 256 119.033 8 256 8s248 111.033 248 248zM227.314 387.314l184-184c6.248-6.248 6.248-16.379 0-22.627l-22.627-22.627c-6.248-6.249-16.379-6.249-22.628 0L216 308.118l-70.059-70.059c-6.248-6.248-16.379-6.248-22.628 0l-22.627 22.627c-6.248 6.248-6.248 16.379 0 22.627l104 104c6.249 6.249 16.379 6.249 22.628.001z\"><\/path><\/svg>\t\t\t\t\t\t<\/span>\n\t\t\t\t\t\t\t\t\t\t<span class=\"elementor-icon-list-text\">Ba\u011f\u0131ml\u0131l\u0131ktan Kurtulma<\/span>\n\t\t\t\t\t\t\t\t\t<\/li>\n\t\t\t\t\t\t<\/ul>\n\t\t\t\t\t\t<\/div>\n\t\t\t\t<div class=\"elementor-element elementor-element-88420aa elementor-widget elementor-widget-text-editor\" data-id=\"88420aa\" data-element_type=\"widget\" data-widget_type=\"text-editor.default\">\n\t\t\t\t\t\t\t\t\t<p>Gold City T\u0131p Merkezi'nde Ba\u011f\u0131ml\u0131l\u0131k \u0130yile\u015ftirme, bireyleri ba\u011f\u0131ml\u0131l\u0131k kal\u0131plar\u0131n\u0131 azaltma ve dengeyi yeniden kurma konusunda desteklemek i\u00e7in tasarlanm\u0131\u015f b\u00fct\u00fcnsel ve invazif olmayan bir yakla\u015f\u0131md\u0131r. Program, yaln\u0131zca semptomlara odaklanmak yerine stres, duygusal tetikleyiciler, sinir sistemi dengesizli\u011fi ve detoksifikasyon kapasitesi gibi altta yatan fakt\u00f6rleri ele almaktad\u0131r. Her bir iyile\u015fme plan\u0131 ki\u015fiselle\u015ftirilir ve t\u0131bbi g\u00f6zetim alt\u0131nda y\u00f6nlendirilir. Yakla\u015f\u0131m, k\u0131sa vadeli \u00e7\u00f6z\u00fcmler yerine s\u00fcrd\u00fcr\u00fclebilir iyile\u015fmeye odaklanan gizli ve destekleyici bir ortamda zihinsel berrakl\u0131\u011f\u0131, duygusal istikrar\u0131 ve uzun vadeli davran\u0131\u015f de\u011fi\u015fikli\u011fini desteklemeyi ama\u00e7lamaktad\u0131r.<\/p>\t\t\t\t\t\t\t\t<\/div>\n\t\t\t\t<\/div>\n\t\t\t\t<\/div>\n\t\t<div class=\"elementor-element elementor-element-d138bb8 e-con-full e-flex e-con e-child\" data-id=\"d138bb8\" data-element_type=\"container\">\n\t\t<div class=\"elementor-element elementor-element-1ef6948 e-con-full e-flex e-con e-child\" data-id=\"1ef6948\" data-element_type=\"container\">\n\t\t\t\t<div class=\"elementor-element elementor-element-bb706ae elementor-icon-list--layout-traditional elementor-list-item-link-full_width elementor-widget elementor-widget-icon-list\" data-id=\"bb706ae\" data-element_type=\"widget\" data-widget_type=\"icon-list.default\">\n\t\t\t\t\t\t\t<ul class=\"elementor-icon-list-items\">\n\t\t\t\t\t\t\t<li class=\"elementor-icon-list-item\">\n\t\t\t\t\t\t\t\t\t\t\t<span class=\"elementor-icon-list-icon\">\n\t\t\t\t\t\t\t<svg aria-hidden=\"true\" class=\"e-font-icon-svg e-fas-check-circle\" viewbox=\"0 0 512 512\" xmlns=\"http:\/\/www.w3.org\/2000\/svg\"><path d=\"M504 256c0 136.967-111.033 248-248 248S8 392.967 8 256 119.033 8 256 8s248 111.033 248 248zM227.314 387.314l184-184c6.248-6.248 6.248-16.379 0-22.627l-22.627-22.627c-6.248-6.249-16.379-6.249-22.628 0L216 308.118l-70.059-70.059c-6.248-6.248-16.379-6.248-22.628 0l-22.627 22.627c-6.248 6.248-6.248 16.379 0 22.627l104 104c6.249 6.249 16.379 6.249 22.628.001z\"><\/path><\/svg>\t\t\t\t\t\t<\/span>\n\t\t\t\t\t\t\t\t\t\t<span class=\"elementor-icon-list-text\">Fonksiyonel T\u0131p<\/span>\n\t\t\t\t\t\t\t\t\t<\/li>\n\t\t\t\t\t\t<\/ul>\n\t\t\t\t\t\t<\/div>\n\t\t\t\t<div class=\"elementor-element elementor-element-a786a80 elementor-widget elementor-widget-text-editor\" data-id=\"a786a80\" data-element_type=\"widget\" data-widget_type=\"text-editor.default\">\n\t\t\t\t\t\t\t\t\t<p>Fonksiyonel T\u0131p, sa\u011fl\u0131k sorunlar\u0131n\u0131n temel nedenlerini belirlemeye ve ele almaya odaklanan, bilime dayal\u0131, hasta merkezli bir yakla\u015f\u0131md\u0131r. Hangi te\u015fhisin mevcut oldu\u011funu sormak yerine, bir durumun ilk etapta neden geli\u015fti\u011fini ara\u015ft\u0131r\u0131r.<\/p>\t\t\t\t\t\t\t\t<\/div>\n\t\t\t\t<\/div>\n\t\t<div class=\"elementor-element elementor-element-793610c e-con-full e-flex e-con e-child\" data-id=\"793610c\" data-element_type=\"container\">\n\t\t\t\t<div class=\"elementor-element elementor-element-5fef2f0 elementor-widget elementor-widget-image\" data-id=\"5fef2f0\" data-element_type=\"widget\" data-widget_type=\"image.default\">\n\t\t\t\t\t\t\t\t\t\t\t\t\t\t\t<img decoding=\"async\" width=\"696\" height=\"371\" src=\"https:\/\/goldcityhair.com\/wp-content\/uploads\/2025\/12\/Features-2-1.webp\" class=\"attachment-large size-large wp-image-4901\" alt=\"\" srcset=\"https:\/\/goldcityhair.com\/wp-content\/uploads\/2025\/12\/Features-2-1.webp 696w, https:\/\/goldcityhair.com\/wp-content\/uploads\/2025\/12\/Features-2-1-300x160.webp 300w\" sizes=\"(max-width: 696px) 100vw, 696px\" \/>\t\t\t\t\t\t\t\t\t\t\t\t\t\t\t<\/div>\n\t\t\t\t<\/div>\n\t\t\t\t<\/div>\n\t\t\t\t<\/div>\n\t\t\t\t<\/div>\n\t\t\t\t\t<\/div>\n\t\t\t\t<\/div>\n\t\t\t\t<\/div>","protected":false},"excerpt":{"rendered":"<p>Your Path to Comprehensive Healthcare Your go-to resource for informative articles, expert insights, and the latest updates on health and wellness.We believe that knowledge is a powerful tool in promoting a healthier lifestyle. Overzicht haartransplantatie Healthy aging focused on vitality,balance, and long-term well-being. Learn More Saffier Haartransplantatie Healthy aging focused on vitality,balance, and long-term well-being. [&hellip;]<\/p>","protected":false},"author":8,"featured_media":0,"parent":0,"menu_order":0,"comment_status":"closed","ping_status":"closed","template":"","meta":{"footnotes":""},"class_list":["post-4894","page","type-page","status-publish","hentry"],"_links":{"self":[{"href":"https:\/\/goldcityhair.com\/tr\/wp-json\/wp\/v2\/pages\/4894","targetHints":{"allow":["GET"]}}],"collection":[{"href":"https:\/\/goldcityhair.com\/tr\/wp-json\/wp\/v2\/pages"}],"about":[{"href":"https:\/\/goldcityhair.com\/tr\/wp-json\/wp\/v2\/types\/page"}],"author":[{"embeddable":true,"href":"https:\/\/goldcityhair.com\/tr\/wp-json\/wp\/v2\/users\/8"}],"replies":[{"embeddable":true,"href":"https:\/\/goldcityhair.com\/tr\/wp-json\/wp\/v2\/comments?post=4894"}],"version-history":[{"count":22,"href":"https:\/\/goldcityhair.com\/tr\/wp-json\/wp\/v2\/pages\/4894\/revisions"}],"predecessor-version":[{"id":6194,"href":"https:\/\/goldcityhair.com\/tr\/wp-json\/wp\/v2\/pages\/4894\/revisions\/6194"}],"wp:attachment":[{"href":"https:\/\/goldcityhair.com\/tr\/wp-json\/wp\/v2\/media?parent=4894"}],"curies":[{"name":"wp","href":"https:\/\/api.w.org\/{rel}","templated":true}]}}